{"id":7451,"date":"2019-07-16T16:45:10","date_gmt":"2019-07-16T16:45:10","guid":{"rendered":"http:\/\/hotperuegsac.com\/?page_id=7451"},"modified":"2019-12-07T12:23:13","modified_gmt":"2019-12-07T17:23:13","slug":"nosotros","status":"publish","type":"page","link":"https:\/\/www.hotperuegsac.com\/?page_id=7451","title":{"rendered":"Nosotros"},"content":{"rendered":"<p>[vc_row type=&#8221;full-width-section&#8221; css=&#8221;.vc_custom_1563508376432{margin-bottom: 0px !important;padding-top: 94px !important;padding-bottom: 66px !important;background-color: #f3f3ff !important;}&#8221;][vc_column width=&#8221;1\/6&#8243;][\/vc_column][vc_column width=&#8221;1\/2&#8243;][vc_custom_heading text=&#8221;Quienes somos&#8221; font_container=&#8221;tag:h2|text_align:left|color:%23e01928&#8243; google_fonts=&#8221;font_family:Poppins%3Aregular|font_style:600%20bold%20regular%3A600%3Anormal&#8221; css=&#8221;.vc_custom_1563545279095{margin-top: -20px !important;}&#8221;][vc_custom_heading text=&#8221;Nuestra historia&#8221; font_container=&#8221;tag:h3|text_align:left|color:%235b5b5b&#8221; google_fonts=&#8221;font_family:Poppins%3Aregular|font_style:600%20bold%20regular%3A600%3Anormal&#8221; css=&#8221;.vc_custom_1563545418012{margin-top: -35px !important;}&#8221;][vc_column_text]<\/p>\n<p style=\"text-align: justify;\">Somos una empresa\u00a0 especializada en el servicio de acabados para las artes gr\u00e1ficas e industria en general, contamos con una plantilla de profesionales altamente calificados, dispuestos a asesorar constantemente las inquietudes de nuestros clientes. Nos distingue una amplia experiencia que proviene desde los procesos artesanales y manuales unidos a las nuevas tecnolog\u00edas aplicadas para la elaboraci\u00f3n de acabados gr\u00e1ficos, lo cual ofrece toda una extensa gama de posibilidades para realizar sus acabados simples y de alta dificultad<\/p>\n<p>[\/vc_column_text][vc_custom_heading text=&#8221;Nuestro principal&#8221; font_container=&#8221;tag:h2|text_align:left|color:%23e01928&#8243; google_fonts=&#8221;font_family:Poppins%3Aregular|font_style:600%20bold%20regular%3A600%3Anormal&#8221;][vc_custom_heading text=&#8221;Objetivo&#8221; font_container=&#8221;tag:h3|text_align:left|color:%235b5b5b&#8221; google_fonts=&#8221;font_family:Poppins%3Aregular|font_style:600%20bold%20regular%3A600%3Anormal&#8221; css=&#8221;.vc_custom_1563545478314{margin-top: -35px !important;}&#8221;][vc_column_text]<\/p>\n<p style=\"text-align: justify;\">Nuestro principal objetivo es lograr que nuestros clientes obtengan un servicio \u00e1gil, personalizado y de total satisfacci\u00f3n, para ello intentamos mantener un punto de equilibrio entre calidad, costo y precisi\u00f3n.<\/p>\n<p>[\/vc_column_text][\/vc_column][vc_column width=&#8221;1\/6&#8243;][vc_row_inner][vc_column_inner][\/vc_column_inner][\/vc_row_inner]<div class=\"rd_count_to count_style_9  \"  id=\"rand_e94db813c99ja4kv0lmm\" ><div class=\"count_number\" data-from=\"0\" data-to=\"1000\" data-speed=\"1000\" data-refresh-interval=\"25\" data-decimals=\"0\" style=\"color:#00b3ce\">0<\/div><span class=\"count_title\" style=\"color:#00b3ce\">Proyectos Terminados<\/span><\/div>[vc_row_inner][vc_column_inner][\/vc_column_inner][\/vc_row_inner]<div class=\"rd_count_to count_style_9  \"  id=\"rand_p1hwo56czh5jxguhzvdg\" ><div class=\"count_number\" data-from=\"0\" data-to=\"19\" data-speed=\"1000\" data-refresh-interval=\"25\" data-decimals=\"0\" style=\"color:#00b3ce\">0<\/div><span class=\"count_title\" style=\"color:#00b3ce\">A\u00f1os de<br \/>\nExperiencia<\/span><\/div>[\/vc_column][vc_column width=&#8221;1\/6&#8243;][vc_row_inner][vc_column_inner][\/vc_column_inner][\/vc_row_inner]<div class=\"rd_count_to count_style_9  \"  id=\"rand_75deolm57ufepcsqqhvs\" ><div class=\"count_number\" data-from=\"0\" data-to=\"500\" data-speed=\"1000\" data-refresh-interval=\"25\" data-decimals=\"0\" style=\"color:#00b3ce\">0<\/div><span class=\"count_title\" style=\"color:#00b3ce\">Clientes<br \/>\nSatisfechos<\/span><\/div>[vc_row_inner][vc_column_inner][\/vc_column_inner][\/vc_row_inner]<div class=\"rd_count_to count_style_9  \"  id=\"rand_x2w97v7qagcecqgdjndu\" ><div class=\"count_number\" data-from=\"0\" data-to=\"20\" data-speed=\"1000\" data-refresh-interval=\"25\" data-decimals=\"0\" style=\"color:#00b3ce\">0<\/div><span class=\"count_title\" style=\"color:#00b3ce\">Equipos<\/span><\/div>[\/vc_column][\/vc_row][vc_row type=&#8221;full-width-section&#8221; css=&#8221;.vc_custom_1563556912536{margin-top: -30px !important;margin-bottom: 0px !important;border-bottom-width: 0px !important;padding-bottom: 0px !important;}&#8221;][vc_column][rev_slider_vc alias=&#8221;nosotros&#8221;][\/vc_column][\/vc_row]<\/p>\n","protected":false},"excerpt":{"rendered":"<p>[vc_row type=&#8221;full-width-section&#8221; css=&#8221;.vc_custom_1563508376432{margin-bottom: 0px !important;padding-top: 94px !important;padding-bottom: 66px !important;background-color: #f3f3ff !important;}&#8221;][vc_column width=&#8221;1\/6&#8243;][\/vc_column][vc_column width=&#8221;1\/2&#8243;][vc_custom_heading text=&#8221;Quienes somos&#8221; font_container=&#8221;tag:h2|text_align:left|color:%23e01928&#8243; google_fonts=&#8221;font_family:Poppins%3Aregular|font_style:600%20bold%20regular%3A600%3Anormal&#8221; css=&#8221;.vc_custom_1563545279095{margin-top: -20px !important;}&#8221;][vc_custom_heading text=&#8221;Nuestra historia&#8221; font_container=&#8221;tag:h3|text_align:left|color:%235b5b5b&#8221; google_fonts=&#8221;font_family:Poppins%3Aregular|font_style:600%20bold%20regular%3A600%3Anormal&#8221; css=&#8221;.vc_custom_1563545418012{margin-top: -35px !important;}&#8221;][vc_column_text] Somos una empresa\u00a0 especializada en el servicio de acabados para las artes gr\u00e1ficas e industria en general, contamos con una plantilla de profesionales altamente calificados, dispuestos a asesorar<br \/><a href=\"https:\/\/www.hotperuegsac.com\/?page_id=7451\" class=\"more\">Read more<\/a><\/p>\n","protected":false},"author":1,"featured_media":0,"parent":0,"menu_order":0,"comment_status":"closed","ping_status":"closed","template":"","meta":{"_joinchat":[],"footnotes":""},"class_list":["post-7451","page","type-page","status-publish","hentry"],"_links":{"self":[{"href":"https:\/\/www.hotperuegsac.com\/index.php?rest_route=\/wp\/v2\/pages\/7451","targetHints":{"allow":["GET"]}}],"collection":[{"href":"https:\/\/www.hotperuegsac.com\/index.php?rest_route=\/wp\/v2\/pages"}],"about":[{"href":"https:\/\/www.hotperuegsac.com\/index.php?rest_route=\/wp\/v2\/types\/page"}],"author":[{"embeddable":true,"href":"https:\/\/www.hotperuegsac.com\/index.php?rest_route=\/wp\/v2\/users\/1"}],"replies":[{"embeddable":true,"href":"https:\/\/www.hotperuegsac.com\/index.php?rest_route=%2Fwp%2Fv2%2Fcomments&post=7451"}],"version-history":[{"count":17,"href":"https:\/\/www.hotperuegsac.com\/index.php?rest_route=\/wp\/v2\/pages\/7451\/revisions"}],"predecessor-version":[{"id":8104,"href":"https:\/\/www.hotperuegsac.com\/index.php?rest_route=\/wp\/v2\/pages\/7451\/revisions\/8104"}],"wp:attachment":[{"href":"https:\/\/www.hotperuegsac.com\/index.php?rest_route=%2Fwp%2Fv2%2Fmedia&parent=7451"}],"curies":[{"name":"wp","href":"https:\/\/api.w.org\/{rel}","templated":true}]}}